{"id":143,"date":"2024-03-20T19:17:08","date_gmt":"2024-03-20T18:17:08","guid":{"rendered":"https:\/\/icsf2024.uma.es\/?page_id=143"},"modified":"2024-09-07T13:22:43","modified_gmt":"2024-09-07T11:22:43","slug":"conference-tracks","status":"publish","type":"page","link":"https:\/\/icsf2024.uma.es\/?page_id=143","title":{"rendered":"CONFERENCE TRACKS"},"content":{"rendered":"\n<p class=\"has-medium-font-size\"><strong>These Conference Tracks are <mark style=\"background-color:rgba(0, 0, 0, 0)\" class=\"has-inline-color has-vivid-red-color\">provisional<\/mark> and can still be subject to modifications.<\/strong><\/p>\n\n\n\n<p><\/p>\n\n\n\n<p><\/p>\n\n\n\n<figure class=\"wp-block-table\"><table><tbody><tr><td class=\"has-text-align-center\" data-align=\"center\"><strong>TRACK 1: Ethics in finance<\/strong><\/td><\/tr><tr><td class=\"has-text-align-center\" data-align=\"center\"><strong>\u00c1ngela Callej\u00f3n Gil<\/strong> and <strong>Marta Campos Valenzuela<\/strong> &#8211; Universidad de M\u00e1laga<\/td><\/tr><tr><td class=\"has-text-align-center\" data-align=\"center\"><strong>TRACK 2: ESG information disclosure and sustainable economic development<\/strong><\/td><\/tr><tr><td class=\"has-text-align-center\" data-align=\"center\"><strong>L\u00e1zaro Rodr\u00edguez Ariza <\/strong>and<strong> M\u00aa Victoria L\u00f3pez P\u00e9rez<\/strong> &#8211; Universidad de Granada<\/td><\/tr><tr><td class=\"has-text-align-center\" data-align=\"center\"><strong>TRACK 3: Financial literacy in business, management and finance<\/strong><\/td><\/tr><tr><td class=\"has-text-align-center\" data-align=\"center\"><strong>M\u00aa Deseada L\u00f3pez Subires<\/strong> and <strong>Antonio Molina Garc\u00eda <\/strong>&#8211; Universidad de M\u00e1laga<\/td><\/tr><tr><td class=\"has-text-align-center\" data-align=\"center\"><strong>TRACK 4: Green finance (green bonds and other innovative financial mechanisms)<\/strong><\/td><\/tr><tr><td class=\"has-text-align-center\" data-align=\"center\"><strong>Carmen de Vivero de Porras <\/strong>and<strong> Jos\u00e9 Mar\u00eda Jim\u00e9nez L\u00f3pez<\/strong> &#8211; Universidad de M\u00e1laga<\/td><\/tr><tr><td class=\"has-text-align-center\" data-align=\"center\"><strong>TRACK 5: Social integration<\/strong><\/td><\/tr><tr><td class=\"has-text-align-center\" data-align=\"center\"><strong>Eva Mar\u00eda S\u00e1nchez Teba<\/strong> and <strong>Ana Patricia Montes Caparr\u00f3s<\/strong> &#8211; Universidad de M\u00e1laga<\/td><\/tr><tr><td class=\"has-text-align-center\" data-align=\"center\"><strong>TRACK 6: Operational risks <\/strong><\/td><\/tr><tr><td class=\"has-text-align-center\" data-align=\"center\"><strong>M\u00aa Bel\u00e9n Salas Comp\u00e1s<\/strong> &#8211; Universidad de M\u00e1laga<\/td><\/tr><tr><td class=\"has-text-align-center\" data-align=\"center\"><strong>TRACK 7: Renewable energies and their impact on economic growth <\/strong><\/td><\/tr><tr><td class=\"has-text-align-center\" data-align=\"center\"><strong>Cristina Alcaide Mu\u00f1oz<\/strong> &#8211; Universidad de M\u00e1laga<\/td><\/tr><tr><td class=\"has-text-align-center\" data-align=\"center\"><strong>TRACK 8: Transportation and other infrastructures <\/strong><\/td><\/tr><tr><td class=\"has-text-align-center\" data-align=\"center\"><strong>Antonio Lara Galera<\/strong> and <strong>Joaqu\u00edn S\u00e1nchez Toledano<\/strong> &#8211; Universidad Polit\u00e9cnica de Madrid and Universidad de M\u00e1laga<\/td><\/tr><tr><td class=\"has-text-align-center\" data-align=\"center\"><strong>TRACK 9: Fintech <\/strong><\/td><\/tr><tr><td class=\"has-text-align-center\" data-align=\"center\"><strong>David Alaminos Aguilera<\/strong> and <strong>Ana Mar\u00eda Rosales P\u00e9rez<\/strong> &#8211; Universidad de Barcelona and Universidad de M\u00e1laga<\/td><\/tr><tr><td class=\"has-text-align-center\" data-align=\"center\"><strong>TRACK 10: Public-private partnership <\/strong><\/td><\/tr><tr><td class=\"has-text-align-center\" data-align=\"center\"><strong>Felix J. Villalba Romero<\/strong> &#8211; Universidad de M\u00e1laga<\/td><\/tr><tr><td class=\"has-text-align-center\" data-align=\"center\"><strong>TRACK 11: ESG and its implementation in higher education<\/strong><\/td><\/tr><tr><td class=\"has-text-align-center\" data-align=\"center\"><strong>Ana Bel\u00e9n Alonso Conde<\/strong> and <strong>Javier Rojo Su\u00e1rez<\/strong> &#8211; Universidadd Rey Juan Carlos<\/td><\/tr><tr><td class=\"has-text-align-center\" data-align=\"center\"><strong>TRACK 12: Tourism indicators for sustainable destinations: core and supplementary measures for finance and management<\/strong><\/td><\/tr><tr><td class=\"has-text-align-center\" data-align=\"center\"><strong>Juan Antonio Campos Soria<\/strong> &#8211; Universidad de M\u00e1laga<\/td><\/tr><\/tbody><\/table><\/figure>\n","protected":false},"excerpt":{"rendered":"<p>These Conference Tracks are provisional and can still be subject to modifications. TRACK 1: Ethics in finance \u00c1ngela Callej\u00f3n Gil and Marta Campos Valenzuela &#8211; Universidad de M\u00e1laga TRACK 2: ESG information disclosure and sustainable economic development L\u00e1zaro Rodr\u00edguez Ariza and M\u00aa Victoria L\u00f3pez P\u00e9rez &#8211; Universidad de Granada TRACK 3: Financial literacy in business, &hellip; <\/p>\n","protected":false},"author":1,"featured_media":0,"parent":0,"menu_order":0,"comment_status":"closed","ping_status":"closed","template":"","meta":{"footnotes":""},"_links":{"self":[{"href":"https:\/\/icsf2024.uma.es\/index.php?rest_route=\/wp\/v2\/pages\/143"}],"collection":[{"href":"https:\/\/icsf2024.uma.es\/index.php?rest_route=\/wp\/v2\/pages"}],"about":[{"href":"https:\/\/icsf2024.uma.es\/index.php?rest_route=\/wp\/v2\/types\/page"}],"author":[{"embeddable":true,"href":"https:\/\/icsf2024.uma.es\/index.php?rest_route=\/wp\/v2\/users\/1"}],"replies":[{"embeddable":true,"href":"https:\/\/icsf2024.uma.es\/index.php?rest_route=%2Fwp%2Fv2%2Fcomments&post=143"}],"version-history":[{"count":27,"href":"https:\/\/icsf2024.uma.es\/index.php?rest_route=\/wp\/v2\/pages\/143\/revisions"}],"predecessor-version":[{"id":620,"href":"https:\/\/icsf2024.uma.es\/index.php?rest_route=\/wp\/v2\/pages\/143\/revisions\/620"}],"wp:attachment":[{"href":"https:\/\/icsf2024.uma.es\/index.php?rest_route=%2Fwp%2Fv2%2Fmedia&parent=143"}],"curies":[{"name":"wp","href":"https:\/\/api.w.org\/{rel}","templated":true}]}}