{"id":124,"date":"2024-03-20T13:24:49","date_gmt":"2024-03-20T12:24:49","guid":{"rendered":"https:\/\/icsf2024.uma.es\/?page_id=124"},"modified":"2024-09-16T20:34:57","modified_gmt":"2024-09-16T18:34:57","slug":"programme","status":"publish","type":"page","link":"https:\/\/icsf2024.uma.es\/?page_id=124","title":{"rendered":"PROGRAMME"},"content":{"rendered":"\n<div data-wp-interactive=\"core\/file\" class=\"wp-block-file\"><object data-wp-bind--hidden=\"!state.hasPdfPreview\"  class=\"wp-block-file__embed\" data=\"https:\/\/icsf2024.uma.es\/wp-content\/uploads\/2024\/09\/Final-programme-ICSF24-Updated-16-04-2024.pdf\" type=\"application\/pdf\" style=\"width:100%;height:600px\" aria-label=\"Incrustado de Final-programme-ICSF24-Updated-16-04-2024.\"><\/object><a id=\"wp-block-file--media-9830b8ee-5426-4994-9921-162323e6868c\" href=\"https:\/\/icsf2024.uma.es\/wp-content\/uploads\/2024\/09\/Final-programme-ICSF24-Updated-16-04-2024.pdf\">Final-programme-ICSF24-Updated-16-04-2024<\/a><a href=\"https:\/\/icsf2024.uma.es\/wp-content\/uploads\/2024\/09\/Final-programme-ICSF24-Updated-16-04-2024.pdf\" class=\"wp-block-file__button wp-element-button\" download aria-describedby=\"wp-block-file--media-9830b8ee-5426-4994-9921-162323e6868c\"><strong><mark style=\"background-color:rgba(0, 0, 0, 0)\" class=\"has-inline-color has-white-color\">Descarga<\/mark><\/strong><\/a><\/div>\n\n\n\n<p style=\"font-size:25px\"><\/p>\n\n\n\n<p class=\"has-text-align-center has-small-font-size\">More Information about <a href=\"https:\/\/icsf2024.uma.es\/?page_id=424\" data-type=\"page\" data-id=\"424\">Maria \u00c1ngeles Fern\u00e1ndez Izquierdo, PhD<\/a> (Keynote Speaker).<\/p>\n\n\n\n<p><strong>CENTRO CULTURAL FUNDACI\u00d3N UNICAJA:<\/strong><\/p>\n\n\n\n<iframe src=\"https:\/\/www.google.com\/maps\/embed?pb=!1m18!1m12!1m3!1d6396.3969185850465!2d-4.420299682630071!3d36.71779465410225!2m3!1f0!2f0!3f0!3m2!1i1024!2i768!4f13.1!3m3!1m2!1s0xd72f7950d29f921%3A0xeaa10b0eaadb0d86!2sCentro%20Cultural%20Fundaci%C3%B3n%20Unicaja%20de%20M%C3%A1laga!5e0!3m2!1ses!2ses!4v1726427311541!5m2!1ses!2ses\" width=\"600\" height=\"450\" style=\"border:0;\" allowfullscreen=\"\" loading=\"lazy\" referrerpolicy=\"no-referrer-when-downgrade\"><\/iframe>\n\n\n\n<p><strong>HOTEL MOLINA LARIO:<\/strong><\/p>\n\n\n\n<iframe src=\"https:\/\/www.google.com\/maps\/embed?pb=!1m18!1m12!1m3!1d6396.381837968618!2d-4.422129279251353!3d36.717975766394964!2m3!1f0!2f0!3f0!3m2!1i1024!2i768!4f13.1!3m3!1m2!1s0xd72f7951ce3c871%3A0x28c1ade3722bd4a7!2sHotel%20Molina%20Lario!5e0!3m2!1ses!2ses!4v1726427539596!5m2!1ses!2ses\" width=\"600\" height=\"450\" style=\"border:0;\" allowfullscreen=\"\" loading=\"lazy\" referrerpolicy=\"no-referrer-when-downgrade\"><\/iframe>\n\n\n\n<p><strong>RESTAURANTE LA P\u00c9RGOLA DEL MEDITERR\u00c1NEO:<\/strong><\/p>\n\n\n\n<iframe src=\"https:\/\/www.google.com\/maps\/embed?pb=!1m18!1m12!1m3!1d6396.697021817082!2d-4.416804822982379!3d36.714190372271794!2m3!1f0!2f0!3f0!3m2!1i1024!2i768!4f13.1!3m3!1m2!1s0xd72f79ce08d6655%3A0x8f0d332c762f1922!2sLa%20P%C3%A9rgola%20del%20Mediterr%C3%A1neo!5e0!3m2!1ses!2ses!4v1726427588509!5m2!1ses!2ses\" width=\"600\" height=\"450\" style=\"border:0;\" allowfullscreen=\"\" loading=\"lazy\" referrerpolicy=\"no-referrer-when-downgrade\"><\/iframe>\n","protected":false},"excerpt":{"rendered":"<p>More Information about Maria \u00c1ngeles Fern\u00e1ndez Izquierdo, PhD (Keynote Speaker). CENTRO CULTURAL FUNDACI\u00d3N UNICAJA: HOTEL MOLINA LARIO: RESTAURANTE LA P\u00c9RGOLA DEL MEDITERR\u00c1NEO:<\/p>\n","protected":false},"author":1,"featured_media":0,"parent":0,"menu_order":0,"comment_status":"closed","ping_status":"closed","template":"","meta":{"footnotes":""},"_links":{"self":[{"href":"https:\/\/icsf2024.uma.es\/index.php?rest_route=\/wp\/v2\/pages\/124"}],"collection":[{"href":"https:\/\/icsf2024.uma.es\/index.php?rest_route=\/wp\/v2\/pages"}],"about":[{"href":"https:\/\/icsf2024.uma.es\/index.php?rest_route=\/wp\/v2\/types\/page"}],"author":[{"embeddable":true,"href":"https:\/\/icsf2024.uma.es\/index.php?rest_route=\/wp\/v2\/users\/1"}],"replies":[{"embeddable":true,"href":"https:\/\/icsf2024.uma.es\/index.php?rest_route=%2Fwp%2Fv2%2Fcomments&post=124"}],"version-history":[{"count":22,"href":"https:\/\/icsf2024.uma.es\/index.php?rest_route=\/wp\/v2\/pages\/124\/revisions"}],"predecessor-version":[{"id":643,"href":"https:\/\/icsf2024.uma.es\/index.php?rest_route=\/wp\/v2\/pages\/124\/revisions\/643"}],"wp:attachment":[{"href":"https:\/\/icsf2024.uma.es\/index.php?rest_route=%2Fwp%2Fv2%2Fmedia&parent=124"}],"curies":[{"name":"wp","href":"https:\/\/api.w.org\/{rel}","templated":true}]}}